{"id":322,"date":"2021-11-25T19:31:46","date_gmt":"2021-11-25T19:31:46","guid":{"rendered":"https:\/\/grupohnosja.com.mx\/?page_id=322"},"modified":"2021-12-14T21:51:39","modified_gmt":"2021-12-14T21:51:39","slug":"nuestros-servicios","status":"publish","type":"page","link":"https:\/\/grupohnosja.com.mx\/?page_id=322","title":{"rendered":"Nuestros servicios"},"content":{"rendered":"\t\t<div data-elementor-type=\"wp-page\" data-elementor-id=\"322\" class=\"elementor elementor-322\" data-elementor-settings=\"[]\">\n\t\t\t\t\t\t\t<div class=\"elementor-section-wrap\">\n\t\t\t\t\t\t\t<section class=\"elementor-section elementor-top-section elementor-element elementor-element-7b5c722 elementor-section-boxed elementor-section-height-default elementor-section-height-default\" data-id=\"7b5c722\" data-element_type=\"section\">\n\t\t\t\t\t\t<div class=\"elementor-container elementor-column-gap-default\">\n\t\t\t\t\t<div class=\"elementor-column elementor-col-100 elementor-top-column elementor-element elementor-element-2a20a40\" data-id=\"2a20a40\" data-element_type=\"column\">\n\t\t\t<div class=\"elementor-widget-wrap elementor-element-populated\">\n\t\t\t\t\t\t\t\t<div class=\"elementor-element elementor-element-a0bb41e elementor-widget elementor-widget-heading\" data-id=\"a0bb41e\" data-element_type=\"widget\" data-widget_type=\"heading.default\">\n\t\t\t\t<div class=\"elementor-widget-container\">\n\t\t\t<h2 class=\"elementor-heading-title elementor-size-default\">JARDINERIA<\/h2>\t\t<\/div>\n\t\t\t\t<\/div>\n\t\t\t\t\t<\/div>\n\t\t<\/div>\n\t\t\t\t\t\t\t<\/div>\n\t\t<\/section>\n\t\t\t\t<section class=\"elementor-section elementor-top-section elementor-element elementor-element-61f74f0 elementor-section-boxed elementor-section-height-default elementor-section-height-default\" data-id=\"61f74f0\" data-element_type=\"section\">\n\t\t\t\t\t\t<div class=\"elementor-container elementor-column-gap-default\">\n\t\t\t\t\t<div class=\"elementor-column elementor-col-100 elementor-top-column elementor-element elementor-element-29c4f11\" data-id=\"29c4f11\" data-element_type=\"column\">\n\t\t\t<div class=\"elementor-widget-wrap elementor-element-populated\">\n\t\t\t\t\t\t\t\t<div class=\"elementor-element elementor-element-5826c7e elementor-widget elementor-widget-image\" data-id=\"5826c7e\" data-element_type=\"widget\" data-widget_type=\"image.default\">\n\t\t\t\t<div class=\"elementor-widget-container\">\n\t\t\t\t\t\t\t\t\t\t\t\t\t\t\t<img loading=\"lazy\" decoding=\"async\" width=\"520\" height=\"230\" src=\"https:\/\/grupohnosja.com.mx\/wp-content\/uploads\/2021\/12\/AEAS-VERDES.png\" class=\"attachment-large size-large\" alt=\"\" srcset=\"https:\/\/grupohnosja.com.mx\/wp-content\/uploads\/2021\/12\/AEAS-VERDES.png 520w, https:\/\/grupohnosja.com.mx\/wp-content\/uploads\/2021\/12\/AEAS-VERDES-300x133.png 300w\" sizes=\"auto, (max-width: 520px) 100vw, 520px\" \/>\t\t\t\t\t\t\t\t\t\t\t\t\t\t\t<\/div>\n\t\t\t\t<\/div>\n\t\t\t\t<section class=\"elementor-section elementor-inner-section elementor-element elementor-element-2d39849 elementor-section-boxed elementor-section-height-default elementor-section-height-default\" data-id=\"2d39849\" data-element_type=\"section\">\n\t\t\t\t\t\t<div class=\"elementor-container elementor-column-gap-default\">\n\t\t\t\t\t<div class=\"elementor-column elementor-col-50 elementor-inner-column elementor-element elementor-element-c81f3b2\" data-id=\"c81f3b2\" data-element_type=\"column\">\n\t\t\t<div class=\"elementor-widget-wrap elementor-element-populated\">\n\t\t\t\t\t\t\t\t<div class=\"elementor-element elementor-element-80dfe26 elementor-widget elementor-widget-image\" data-id=\"80dfe26\" data-element_type=\"widget\" data-widget_type=\"image.default\">\n\t\t\t\t<div class=\"elementor-widget-container\">\n\t\t\t\t\t\t\t\t\t\t\t\t\t\t\t<img loading=\"lazy\" decoding=\"async\" width=\"150\" height=\"150\" src=\"https:\/\/grupohnosja.com.mx\/wp-content\/uploads\/2021\/12\/diseno-150x150.png\" class=\"attachment-thumbnail size-thumbnail\" alt=\"\" \/>\t\t\t\t\t\t\t\t\t\t\t\t\t\t\t<\/div>\n\t\t\t\t<\/div>\n\t\t\t\t<div class=\"elementor-element elementor-element-5627ad1 elementor-widget elementor-widget-image\" data-id=\"5627ad1\" data-element_type=\"widget\" data-widget_type=\"image.default\">\n\t\t\t\t<div class=\"elementor-widget-container\">\n\t\t\t\t\t\t\t\t\t\t\t\t<figure class=\"wp-caption\">\n\t\t\t\t\t\t\t\t\t\t<img loading=\"lazy\" decoding=\"async\" width=\"1024\" height=\"1024\" src=\"https:\/\/grupohnosja.com.mx\/wp-content\/uploads\/2021\/12\/jhj-1024x1024.png\" class=\"attachment-large size-large\" alt=\"\" srcset=\"https:\/\/grupohnosja.com.mx\/wp-content\/uploads\/2021\/12\/jhj-1024x1024.png 1024w, https:\/\/grupohnosja.com.mx\/wp-content\/uploads\/2021\/12\/jhj-300x300.png 300w, https:\/\/grupohnosja.com.mx\/wp-content\/uploads\/2021\/12\/jhj-150x150.png 150w, https:\/\/grupohnosja.com.mx\/wp-content\/uploads\/2021\/12\/jhj-768x768.png 768w, https:\/\/grupohnosja.com.mx\/wp-content\/uploads\/2021\/12\/jhj-1536x1536.png 1536w, https:\/\/grupohnosja.com.mx\/wp-content\/uploads\/2021\/12\/jhj.png 2048w\" sizes=\"auto, (max-width: 1024px) 100vw, 1024px\" \/>\t\t\t\t\t\t\t\t\t\t\t<figcaption class=\"widget-image-caption wp-caption-text\">El dise\u00f1o de jardines busca encontrar la armon\u00eda entre las \u00e1reas verdes y el entorno del \u00e1rea en que se encuentran. Nos adaptamos a las necesidades de cada uno de nuestros clientes, se presentan sugerencias de dise\u00f1o utilizando plantas, \u00e1rboles y arbustos adecuados.<\/figcaption>\n\t\t\t\t\t\t\t\t\t\t<\/figure>\n\t\t\t\t\t\t\t\t\t<\/div>\n\t\t\t\t<\/div>\n\t\t\t\t\t<\/div>\n\t\t<\/div>\n\t\t\t\t<div class=\"elementor-column elementor-col-50 elementor-inner-column elementor-element elementor-element-8a1794d\" data-id=\"8a1794d\" data-element_type=\"column\">\n\t\t\t<div class=\"elementor-widget-wrap elementor-element-populated\">\n\t\t\t\t\t\t\t\t<div class=\"elementor-element elementor-element-57bd46f elementor-widget elementor-widget-image\" data-id=\"57bd46f\" data-element_type=\"widget\" data-widget_type=\"image.default\">\n\t\t\t\t<div class=\"elementor-widget-container\">\n\t\t\t\t\t\t\t\t\t\t\t\t<figure class=\"wp-caption\">\n\t\t\t\t\t\t\t\t\t\t<img loading=\"lazy\" decoding=\"async\" width=\"683\" height=\"1024\" src=\"https:\/\/grupohnosja.com.mx\/wp-content\/uploads\/2021\/12\/104655812_173172000903612_76901451595018680_n-683x1024.jpg\" class=\"attachment-large size-large\" alt=\"\" srcset=\"https:\/\/grupohnosja.com.mx\/wp-content\/uploads\/2021\/12\/104655812_173172000903612_76901451595018680_n-683x1024.jpg 683w, https:\/\/grupohnosja.com.mx\/wp-content\/uploads\/2021\/12\/104655812_173172000903612_76901451595018680_n-200x300.jpg 200w, https:\/\/grupohnosja.com.mx\/wp-content\/uploads\/2021\/12\/104655812_173172000903612_76901451595018680_n-768x1152.jpg 768w, https:\/\/grupohnosja.com.mx\/wp-content\/uploads\/2021\/12\/104655812_173172000903612_76901451595018680_n.jpg 800w\" sizes=\"auto, (max-width: 683px) 100vw, 683px\" \/>\t\t\t\t\t\t\t\t\t\t\t<figcaption class=\"widget-image-caption wp-caption-text\">Consiste en colocar cualquier tipo de planta o \u00e1rbol en el lugar adecuado. Sabemos que nada es tan valioso como el tiempo, por eso, nuestro personal es altamente calificado para la correcta realizaci\u00f3n de sus actividades. Esto junto con la herramienta y maquinaria adecuada da como resultado un excelente servicio.<\/figcaption>\n\t\t\t\t\t\t\t\t\t\t<\/figure>\n\t\t\t\t\t\t\t\t\t<\/div>\n\t\t\t\t<\/div>\n\t\t\t\t\t<\/div>\n\t\t<\/div>\n\t\t\t\t\t\t\t<\/div>\n\t\t<\/section>\n\t\t\t\t\t<\/div>\n\t\t<\/div>\n\t\t\t\t\t\t\t<\/div>\n\t\t<\/section>\n\t\t\t\t\t\t<\/div>\n\t\t\t\t\t<\/div>\n\t\t","protected":false},"excerpt":{"rendered":"<p>JARDINERIA El dise\u00f1o de jardines busca encontrar la armon\u00eda entre las \u00e1reas verdes y el entorno del \u00e1rea en que se encuentran. Nos adaptamos a las necesidades de cada uno de nuestros clientes, se presentan sugerencias de dise\u00f1o utilizando plantas, \u00e1rboles y arbustos adecuados. Consiste en colocar cualquier tipo de planta o \u00e1rbol en el [&hellip;]<\/p>\n","protected":false},"author":1,"featured_media":0,"parent":0,"menu_order":0,"comment_status":"closed","ping_status":"closed","template":"","meta":{"footnotes":""},"class_list":["post-322","page","type-page","status-publish","hentry"],"_links":{"self":[{"href":"https:\/\/grupohnosja.com.mx\/index.php?rest_route=\/wp\/v2\/pages\/322","targetHints":{"allow":["GET"]}}],"collection":[{"href":"https:\/\/grupohnosja.com.mx\/index.php?rest_route=\/wp\/v2\/pages"}],"about":[{"href":"https:\/\/grupohnosja.com.mx\/index.php?rest_route=\/wp\/v2\/types\/page"}],"author":[{"embeddable":true,"href":"https:\/\/grupohnosja.com.mx\/index.php?rest_route=\/wp\/v2\/users\/1"}],"replies":[{"embeddable":true,"href":"https:\/\/grupohnosja.com.mx\/index.php?rest_route=%2Fwp%2Fv2%2Fcomments&post=322"}],"version-history":[{"count":10,"href":"https:\/\/grupohnosja.com.mx\/index.php?rest_route=\/wp\/v2\/pages\/322\/revisions"}],"predecessor-version":[{"id":414,"href":"https:\/\/grupohnosja.com.mx\/index.php?rest_route=\/wp\/v2\/pages\/322\/revisions\/414"}],"wp:attachment":[{"href":"https:\/\/grupohnosja.com.mx\/index.php?rest_route=%2Fwp%2Fv2%2Fmedia&parent=322"}],"curies":[{"name":"wp","href":"https:\/\/api.w.org\/{rel}","templated":true}]}}